{"id":253,"date":"2024-04-02T16:20:39","date_gmt":"2024-04-02T14:20:39","guid":{"rendered":"https:\/\/institutosanjosevilladelparque.edu.ar\/?page_id=253"},"modified":"2024-05-18T19:03:05","modified_gmt":"2024-05-18T17:03:05","slug":"historia","status":"publish","type":"page","link":"https:\/\/institutosanjosevilladelparque.edu.ar\/?page_id=253","title":{"rendered":"Historia"},"content":{"rendered":"\t\t<div data-elementor-type=\"wp-page\" data-elementor-id=\"253\" class=\"elementor elementor-253\">\n\t\t\t\t\t\t<section class=\"elementor-section elementor-top-section elementor-element elementor-element-49cc213 elementor-section-full_width elementor-section-height-default elementor-section-height-default wpr-particle-no wpr-jarallax-no wpr-parallax-no wpr-sticky-section-no exad-sticky-section-no elementor-invisible\" data-id=\"49cc213\" data-element_type=\"section\" data-e-type=\"section\" data-settings=\"{&quot;background_background&quot;:&quot;classic&quot;,&quot;animation&quot;:&quot;fadeIn&quot;}\">\n\t\t\t\t\t\t\t<div class=\"elementor-background-overlay\"><\/div>\n\t\t\t\t\t\t\t<div class=\"elementor-container elementor-column-gap-default\">\n\t\t\t\t\t<div class=\"elementor-column elementor-col-100 elementor-top-column elementor-element elementor-element-4fd9a766 exad-glass-effect-no exad-sticky-section-no\" data-id=\"4fd9a766\" data-element_type=\"column\" data-e-type=\"column\">\n\t\t\t<div class=\"elementor-widget-wrap elementor-element-populated\">\n\t\t\t\t\t\t<section class=\"elementor-section elementor-inner-section elementor-element elementor-element-6dce62b elementor-section-content-middle elementor-section-boxed elementor-section-height-default elementor-section-height-default exad-glass-effect-no wpr-particle-no wpr-jarallax-no wpr-parallax-no wpr-sticky-section-no exad-sticky-section-no\" data-id=\"6dce62b\" data-element_type=\"section\" data-e-type=\"section\">\n\t\t\t\t\t\t<div class=\"elementor-container elementor-column-gap-no\">\n\t\t\t\t\t<div class=\"elementor-column elementor-col-50 elementor-inner-column elementor-element elementor-element-14fb3221 exad-glass-effect-no exad-sticky-section-no elementor-invisible\" data-id=\"14fb3221\" data-element_type=\"column\" data-e-type=\"column\" data-settings=\"{&quot;background_background&quot;:&quot;gradient&quot;,&quot;animation&quot;:&quot;fadeInLeft&quot;}\">\n\t\t\t<div class=\"elementor-widget-wrap elementor-element-populated\">\n\t\t\t\t\t\t<div class=\"elementor-element elementor-element-6d329f6c exad-sticky-section-no exad-glass-effect-no elementor-widget elementor-widget-image\" data-id=\"6d329f6c\" data-element_type=\"widget\" data-e-type=\"widget\" data-widget_type=\"image.default\">\n\t\t\t\t<div class=\"elementor-widget-container\">\n\t\t\t\t\t\t\t\t\t\t\t\t\t\t\t<img decoding=\"async\" src=\"https:\/\/institutosanjosevilladelparque.edu.ar\/wp-content\/uploads\/2024\/04\/Logo-2024-blanco.png\" title=\"Logo 2024 blanco\" alt=\"Logo 2024 blanco\" loading=\"lazy\" \/>\t\t\t\t\t\t\t\t\t\t\t\t\t\t\t<\/div>\n\t\t\t\t<\/div>\n\t\t\t\t<div class=\"elementor-element elementor-element-495708e7 exad-sticky-section-no exad-glass-effect-no elementor-widget elementor-widget-heading\" data-id=\"495708e7\" data-element_type=\"widget\" data-e-type=\"widget\" data-widget_type=\"heading.default\">\n\t\t\t\t<div class=\"elementor-widget-container\">\n\t\t\t\t\t<h2 class=\"elementor-heading-title elementor-size-default\">Estamos recopilando informaci\u00f3n para contarte en detalle la historia de nuestra Instituci\u00f3n<\/h2>\t\t\t\t<\/div>\n\t\t\t\t<\/div>\n\t\t\t\t\t<\/div>\n\t\t<\/div>\n\t\t\t\t<div class=\"elementor-column elementor-col-50 elementor-inner-column elementor-element elementor-element-102c63e1 exad-glass-effect-no exad-sticky-section-no\" data-id=\"102c63e1\" data-element_type=\"column\" data-e-type=\"column\">\n\t\t\t<div class=\"elementor-widget-wrap elementor-element-populated\">\n\t\t\t\t\t\t<div class=\"elementor-element elementor-element-54f6265c exad-sticky-section-no exad-glass-effect-no elementor-invisible elementor-widget elementor-widget-image\" data-id=\"54f6265c\" data-element_type=\"widget\" data-e-type=\"widget\" data-settings=\"{&quot;_animation&quot;:&quot;fadeInRight&quot;}\" data-widget_type=\"image.default\">\n\t\t\t\t<div class=\"elementor-widget-container\">\n\t\t\t\t\t\t\t\t\t\t\t\t\t\t\t<img fetchpriority=\"high\" decoding=\"async\" width=\"848\" height=\"498\" src=\"https:\/\/institutosanjosevilladelparque.edu.ar\/wp-content\/uploads\/2024\/04\/Imagen-1.png\" class=\"attachment-full size-full wp-image-263\" alt=\"Imagen de la instituci\u00f3n en sus inicios\" srcset=\"https:\/\/institutosanjosevilladelparque.edu.ar\/wp-content\/uploads\/2024\/04\/Imagen-1.png 848w, https:\/\/institutosanjosevilladelparque.edu.ar\/wp-content\/uploads\/2024\/04\/Imagen-1-300x176.png 300w, https:\/\/institutosanjosevilladelparque.edu.ar\/wp-content\/uploads\/2024\/04\/Imagen-1-768x451.png 768w\" sizes=\"(max-width: 848px) 100vw, 848px\" \/>\t\t\t\t\t\t\t\t\t\t\t\t\t\t\t<\/div>\n\t\t\t\t<\/div>\n\t\t\t\t\t<\/div>\n\t\t<\/div>\n\t\t\t\t\t<\/div>\n\t\t<\/section>\n\t\t\t\t\t<\/div>\n\t\t<\/div>\n\t\t\t\t\t<\/div>\n\t\t<\/section>\n\t\t<div class=\"elementor-element elementor-element-a9a4b4c e-con-full e-flex wpr-particle-no wpr-jarallax-no wpr-parallax-no wpr-sticky-section-no e-con e-parent\" data-id=\"a9a4b4c\" data-element_type=\"container\" data-e-type=\"container\">\n\t\t\t\t<div class=\"elementor-element elementor-element-7aaad16 exad-sticky-section-no exad-glass-effect-no elementor-widget elementor-widget-elementskit-image-comparison\" data-id=\"7aaad16\" data-element_type=\"widget\" data-e-type=\"widget\" data-widget_type=\"elementskit-image-comparison.default\">\n\t\t\t\t<div class=\"elementor-widget-container\">\n\t\t\t\t\t<div class=\"ekit-wid-con\" >\n\t\t<div class=\"elementskit-image-comparison image-comparison-container\" data-offset=\"0.82\" data-overlay=\"\" data-label_after=\"After\" data-label_before=\"Before\" data-move_slider_on_hover=\"true\" data-click_to_move=\"true\">\n\t\t\t<img decoding=\"async\" src=\"https:\/\/institutosanjosevilladelparque.edu.ar\/wp-content\/uploads\/2024\/04\/2024.png\" title=\"2024\" alt=\"2024 preparaciones\" loading=\"lazy\" \/><img decoding=\"async\" src=\"https:\/\/institutosanjosevilladelparque.edu.ar\/wp-content\/uploads\/2024\/04\/2025.png\" title=\"2025\" alt=\"2025 festejos\" loading=\"lazy\" \/>\t\t<\/div>\n\n\t<\/div>\t\t\t\t<\/div>\n\t\t\t\t<\/div>\n\t\t\t\t<\/div>\n\t\t\t\t<section class=\"elementor-section elementor-top-section elementor-element elementor-element-6f1c852d elementor-hidden-desktop elementor-hidden-tablet elementor-hidden-mobile elementor-section-boxed elementor-section-height-default elementor-section-height-default exad-glass-effect-no wpr-particle-no wpr-jarallax-no wpr-parallax-no wpr-sticky-section-no exad-sticky-section-no\" data-id=\"6f1c852d\" data-element_type=\"section\" data-e-type=\"section\">\n\t\t\t\t\t\t<div class=\"elementor-container elementor-column-gap-default\">\n\t\t\t\t\t<div class=\"elementor-column elementor-col-100 elementor-top-column elementor-element elementor-element-78305757 exad-glass-effect-no exad-sticky-section-no\" data-id=\"78305757\" data-element_type=\"column\" data-e-type=\"column\">\n\t\t\t<div class=\"elementor-widget-wrap elementor-element-populated\">\n\t\t\t\t\t\t<div class=\"elementor-element elementor-element-5f19e126 wpr-list-style-none exad-sticky-section-no exad-glass-effect-no elementor-widget elementor-widget-wpr-posts-timeline\" data-id=\"5f19e126\" data-element_type=\"widget\" data-e-type=\"widget\" data-settings=\"{&quot;animation_offset&quot;:150,&quot;aos_animation_duration&quot;:600}\" data-widget_type=\"wpr-posts-timeline.default\">\n\t\t\t\t<div class=\"elementor-widget-container\">\n\t\t\t\t\t\n\t\t<div class=\"wpr-wrapper wpr-vertical wpr-centered\">\n\t\t\t<div class=\"wpr-timeline-centered wpr-line wpr-both-sided-timeline\"><div class=\"wpr-middle-line\"><\/div><div class=\"wpr-timeline-fill\" data-layout=\"centered\"><\/div><article class=\"wpr-timeline-entry wpr-left-aligned elementor-repeater-item-f94da51\" data-item-id=\"elementor-repeater-item-f94da51\"><time class=\"wpr-extra-label\" data-aos=\"fade\" data-aos-left=\"\" data-aos-right=\"\" data-animation-offset=\"150\" data-animation-duration=\"600\"><span class=\"wpr-label\">1925<\/span><span class=\"wpr-sub-label\">Fundaci\u00f3n<\/span><\/time><div class=\"wpr-timeline-entry-inner\"><div class=\"wpr-main-line-icon wpr-icon\"><\/div><div class=\"wpr-story-info-vertical wpr-data-wrap \"  data-aos=\"fade\" data-aos-left=\"\" data-aos-right=\"\" data-animation-offset=\"150\" data-animation-duration=\"600\"><div class=\"wpr-animation-wrap wpr-timeline-media\"><img decoding=\"async\" width=\"848\" height=\"498\" src=\"https:\/\/institutosanjosevilladelparque.edu.ar\/wp-content\/uploads\/2024\/04\/Imagen-1.png\" class=\"attachment-full size-full\" alt=\"Imagen de la instituci\u00f3n en sus inicios\" srcset=\"https:\/\/institutosanjosevilladelparque.edu.ar\/wp-content\/uploads\/2024\/04\/Imagen-1.png 848w, https:\/\/institutosanjosevilladelparque.edu.ar\/wp-content\/uploads\/2024\/04\/Imagen-1-300x176.png 300w, https:\/\/institutosanjosevilladelparque.edu.ar\/wp-content\/uploads\/2024\/04\/Imagen-1-768x451.png 768w\" sizes=\"(max-width: 848px) 100vw, 848px\" \/><\/div><div class=\"wpr-timeline-content-wrapper\"><div class=\"wpr-content-wrapper\"><div class=\"wpr-title-wrap\"><span class=\"wpr-title\">16 de Marzo<\/span><\/div><div class=\"wpr-description\"><p>\u00a0En 1925 el Padre Rigoni habilit\u00f3 la casa contigua al templo para instalar en ella el colegio San Jos\u00e9 que el mismo fundara. El 16 de marzo la instituci\u00f3n abri\u00f3 por primera vez el curso con m\u00e1s de 150 alumnos. Las clases fueron pr\u00e1cticamente gratuitas y los que pod\u00edan pagaban una cuota de tres pesos, con la que apenas se llegaba a cubrir los sueldos de los maestros. Grandes gastos se hicieron para adaptar la casa a colegio, pues se adquiri\u00f3 material escolar, mobiliario y elementos para la construcci\u00f3n de las instalaciones. Tal labor se realiz\u00f3 con peque\u00f1as donaciones y sacrificios haciendo el cura p\u00e1rroco un poco de todo\u2026 hasta de cocinero por falta de medios.<\/p><\/div><\/div><\/div><\/div>\n\t\t\t\t\t\t<\/div>\n\t\t\t\t<\/article><article class=\"wpr-timeline-entry wpr-right-aligned elementor-repeater-item-2a37755\" data-item-id=\"elementor-repeater-item-2a37755\"><time class=\"wpr-extra-label\" data-aos=\"fade\" data-aos-left=\"\" data-aos-right=\"\" data-animation-offset=\"150\" data-animation-duration=\"600\"><span class=\"wpr-label\">1959<\/span><span class=\"wpr-sub-label\">Padre Rigoni<\/span><\/time><div class=\"wpr-timeline-entry-inner\"><div class=\"wpr-main-line-icon wpr-icon\"><\/div><div class=\"wpr-story-info-vertical wpr-data-wrap \"  data-aos=\"fade\" data-aos-left=\"\" data-aos-right=\"\" data-animation-offset=\"150\" data-animation-duration=\"600\"><div class=\"wpr-animation-wrap wpr-timeline-media\"><img decoding=\"async\" width=\"1536\" height=\"903\" src=\"https:\/\/institutosanjosevilladelparque.edu.ar\/wp-content\/uploads\/2024\/04\/San-Jose-del-colegio-y-la-plaza.jpg\" class=\"attachment-full size-full\" alt=\"San Jos\u00e9 del colegio y la plaza\" srcset=\"https:\/\/institutosanjosevilladelparque.edu.ar\/wp-content\/uploads\/2024\/04\/San-Jose-del-colegio-y-la-plaza.jpg 1536w, https:\/\/institutosanjosevilladelparque.edu.ar\/wp-content\/uploads\/2024\/04\/San-Jose-del-colegio-y-la-plaza-300x176.jpg 300w, https:\/\/institutosanjosevilladelparque.edu.ar\/wp-content\/uploads\/2024\/04\/San-Jose-del-colegio-y-la-plaza-1024x602.jpg 1024w, https:\/\/institutosanjosevilladelparque.edu.ar\/wp-content\/uploads\/2024\/04\/San-Jose-del-colegio-y-la-plaza-768x452.jpg 768w\" sizes=\"(max-width: 1536px) 100vw, 1536px\" \/><\/div><div class=\"wpr-timeline-content-wrapper\"><div class=\"wpr-content-wrapper\"><div class=\"wpr-title-wrap\"><span class=\"wpr-title\">7 de enero<\/span><\/div><div class=\"wpr-description\"><p>El 7 de enero de 1959 como todos los a\u00f1os parti\u00f3 el contingente de ni\u00f1os y j\u00f3venes del colegio, de los exploradores y restantes instituciones parroquiales. Los campamentos contaron al igual que siempre con la presencia del Padre Rigoni, pero este en particular adquiri\u00f3 un significado muy especial: era la \u00faltima vez que se realizar\u00edan y contar\u00eda con la presencia f\u00edsica del Padre. S\u00f3lo Dios sab\u00eda que ello ser\u00eda as\u00ed, pues el 24 de julio lo llam\u00f3 a su seno.\u00a0<\/p><\/div><\/div><\/div><\/div>\n\t\t\t\t\t\t<\/div>\n\t\t\t\t<\/article><article class=\"wpr-timeline-entry wpr-left-aligned elementor-repeater-item-dc77abf\" data-item-id=\"elementor-repeater-item-dc77abf\"><time class=\"wpr-extra-label\" data-aos=\"fade\" data-aos-left=\"\" data-aos-right=\"\" data-animation-offset=\"150\" data-animation-duration=\"600\"><span class=\"wpr-label\">1967<\/span><span class=\"wpr-sub-label\">Proyecto<\/span><\/time><div class=\"wpr-timeline-entry-inner\"><div class=\"wpr-main-line-icon wpr-icon\"><\/div><div class=\"wpr-story-info-vertical wpr-data-wrap \"  data-aos=\"fade\" data-aos-left=\"\" data-aos-right=\"\" data-animation-offset=\"150\" data-animation-duration=\"600\"><div class=\"wpr-animation-wrap wpr-timeline-media\"><img decoding=\"async\" width=\"848\" height=\"498\" src=\"https:\/\/institutosanjosevilladelparque.edu.ar\/wp-content\/uploads\/2024\/04\/Imagen-1.png\" class=\"attachment-full size-full\" alt=\"Imagen de la instituci\u00f3n en sus inicios\" srcset=\"https:\/\/institutosanjosevilladelparque.edu.ar\/wp-content\/uploads\/2024\/04\/Imagen-1.png 848w, https:\/\/institutosanjosevilladelparque.edu.ar\/wp-content\/uploads\/2024\/04\/Imagen-1-300x176.png 300w, https:\/\/institutosanjosevilladelparque.edu.ar\/wp-content\/uploads\/2024\/04\/Imagen-1-768x451.png 768w\" sizes=\"(max-width: 848px) 100vw, 848px\" \/><\/div><div class=\"wpr-timeline-content-wrapper\"><div class=\"wpr-content-wrapper\"><div class=\"wpr-title-wrap\"><span class=\"wpr-title\">16 de diciembre<\/span><\/div><div class=\"wpr-description\"><p>\u00a0 \u00a0El 16 de diciembre \u00a0el acto central comenz\u00f3 con una solemne Misa de Acci\u00f3n de Gracias celebrada por el Excmo. Sr. Arzobispo Coadjutor de Bs. As. Monse\u00f1or Juan Carlos Aramburu, a la que asistieron altas autoridades nacionales del \u00e1rea de la educaci\u00f3n. La banda del Regimiento Tres de Infanter\u00eda General Belgrano interpret\u00f3 el himno nacional que fue coreado por los asistentes. Acto seguido se dio lectura de un telegrama del Sumo Pont\u00edfice quien augur\u00f3 copiosos frutos para el nuevo instituto. Seguidamente hubo un cambio de abanderados en el acto acad\u00e9mico y un discurso del rector del instituto, Padre Jos\u00e9 E. Blanco que se refiri\u00f3 a su fundador, el Padre Rigoni y al esfuerzo com\u00fan de la feligres\u00eda de Villa del Parque. Despu\u00e9s se efectu\u00f3 la tradicional ceremonia de egreso del nivel primario y de la primera promoci\u00f3n de peritos mercantiles, la que culmin\u00f3 con el descubrimiento de un busto de bronce del fundador en el hall de entrada.<\/p><\/div><\/div><\/div><\/div>\n\t\t\t\t\t\t<\/div>\n\t\t\t\t<\/article><article class=\"wpr-timeline-entry wpr-right-aligned elementor-repeater-item-528a050\" data-item-id=\"elementor-repeater-item-528a050\"><time class=\"wpr-extra-label\" data-aos=\"fade\" data-aos-left=\"\" data-aos-right=\"\" data-animation-offset=\"150\" data-animation-duration=\"600\"><span class=\"wpr-label\">1986<\/span><\/time><div class=\"wpr-timeline-entry-inner\"><div class=\"wpr-main-line-icon wpr-icon\"><\/div><div class=\"wpr-story-info-vertical wpr-data-wrap \"  data-aos=\"fade\" data-aos-left=\"\" data-aos-right=\"\" data-animation-offset=\"150\" data-animation-duration=\"600\"><div class=\"wpr-animation-wrap wpr-timeline-media\"><img loading=\"lazy\" decoding=\"async\" width=\"1920\" height=\"1280\" src=\"https:\/\/institutosanjosevilladelparque.edu.ar\/wp-content\/uploads\/2024\/04\/DSC_0622.jpg\" class=\"attachment-full size-full\" alt=\"\" srcset=\"https:\/\/institutosanjosevilladelparque.edu.ar\/wp-content\/uploads\/2024\/04\/DSC_0622.jpg 1920w, https:\/\/institutosanjosevilladelparque.edu.ar\/wp-content\/uploads\/2024\/04\/DSC_0622-300x200.jpg 300w, https:\/\/institutosanjosevilladelparque.edu.ar\/wp-content\/uploads\/2024\/04\/DSC_0622-1024x683.jpg 1024w, https:\/\/institutosanjosevilladelparque.edu.ar\/wp-content\/uploads\/2024\/04\/DSC_0622-768x512.jpg 768w, https:\/\/institutosanjosevilladelparque.edu.ar\/wp-content\/uploads\/2024\/04\/DSC_0622-1536x1024.jpg 1536w\" sizes=\"(max-width: 1920px) 100vw, 1920px\" \/><\/div><div class=\"wpr-timeline-content-wrapper\"><div class=\"wpr-content-wrapper\"><div class=\"wpr-title-wrap\"><span class=\"wpr-title\">Nivel Inicial<\/span><\/div><div class=\"wpr-description\"><p>En 1986 el cuerpo docente y los alumnos del Instituto, ante la segunda visita de su Santidad Juan Pablo II a la Argentina, brindaron a un contingente de j\u00f3venes c\u00e1lidas muestras de hospitalidad al alojarlos en las instalaciones del colegio.<\/p><\/div><\/div><\/div><\/div>\n\t\t\t\t\t\t<\/div>\n\t\t\t\t<\/article><\/div>    \n\t\t\t<\/div>\t\t\t\t<\/div>\n\t\t\t\t<\/div>\n\t\t\t\t\t<\/div>\n\t\t<\/div>\n\t\t\t\t\t<\/div>\n\t\t<\/section>\n\t\t\t\t<section class=\"elementor-section elementor-top-section elementor-element elementor-element-12d8cdff elementor-section-boxed elementor-section-height-default elementor-section-height-default exad-glass-effect-no wpr-particle-no wpr-jarallax-no wpr-parallax-no wpr-sticky-section-no exad-sticky-section-no\" data-id=\"12d8cdff\" data-element_type=\"section\" data-e-type=\"section\">\n\t\t\t\t\t\t<div class=\"elementor-container elementor-column-gap-default\">\n\t\t\t\t\t<div class=\"elementor-column elementor-col-100 elementor-top-column elementor-element elementor-element-3bdff19e exad-glass-effect-no exad-sticky-section-no\" data-id=\"3bdff19e\" data-element_type=\"column\" data-e-type=\"column\">\n\t\t\t<div class=\"elementor-widget-wrap elementor-element-populated\">\n\t\t\t\t\t\t<div class=\"elementor-element elementor-element-71eb28fb exad-sticky-section-no exad-glass-effect-no elementor-widget elementor-widget-spacer\" data-id=\"71eb28fb\" data-element_type=\"widget\" data-e-type=\"widget\" data-widget_type=\"spacer.default\">\n\t\t\t\t<div class=\"elementor-widget-container\">\n\t\t\t\t\t\t\t<div class=\"elementor-spacer\">\n\t\t\t<div class=\"elementor-spacer-inner\"><\/div>\n\t\t<\/div>\n\t\t\t\t\t\t<\/div>\n\t\t\t\t<\/div>\n\t\t\t\t\t<\/div>\n\t\t<\/div>\n\t\t\t\t\t<\/div>\n\t\t<\/section>\n\t\t\t\t<\/div>\n\t\t","protected":false},"excerpt":{"rendered":"<p>Estamos recopilando informaci\u00f3n para contarte en detalle la historia de nuestra Instituci\u00f3n 1925Fundaci\u00f3n 16 de Marzo \u00a0En 1925 el Padre Rigoni habilit\u00f3 la casa contigua al templo para instalar en ella el colegio San Jos\u00e9 que el mismo fundara. El 16 de marzo la instituci\u00f3n abri\u00f3 por primera vez el curso con m\u00e1s de 150 alumnos. Las clases fueron pr\u00e1cticamente gratuitas y los que pod\u00edan pagaban una cuota de tres pesos, con la que apenas se llegaba a cubrir los sueldos de los maestros. Grandes gastos se hicieron para adaptar la casa a colegio, pues se adquiri\u00f3 material escolar, mobiliario y elementos para la construcci\u00f3n de las instalaciones. Tal labor se realiz\u00f3 con peque\u00f1as donaciones y sacrificios haciendo el cura p\u00e1rroco un poco de todo\u2026 hasta de cocinero por falta de medios. 1959Padre Rigoni 7 de enero El 7 de enero de 1959 como todos los a\u00f1os parti\u00f3 el contingente de ni\u00f1os y j\u00f3venes del colegio, de los exploradores y restantes instituciones parroquiales. Los campamentos contaron al igual que siempre con la presencia del Padre Rigoni, pero este en particular adquiri\u00f3 un significado muy especial: era la \u00faltima vez que se realizar\u00edan y contar\u00eda con la presencia f\u00edsica del Padre. S\u00f3lo Dios sab\u00eda que ello ser\u00eda as\u00ed, pues el 24 de julio lo llam\u00f3 a su seno.\u00a0 1967Proyecto 16 de diciembre \u00a0 \u00a0El 16 de diciembre \u00a0el acto central comenz\u00f3 con una solemne Misa de Acci\u00f3n de Gracias celebrada por el Excmo. Sr. Arzobispo Coadjutor de Bs. As. Monse\u00f1or Juan Carlos Aramburu, a la que asistieron altas autoridades nacionales del \u00e1rea de la educaci\u00f3n. La banda del Regimiento Tres de Infanter\u00eda General Belgrano interpret\u00f3 el himno nacional que fue coreado por los asistentes. Acto seguido se dio lectura de un telegrama del Sumo Pont\u00edfice quien augur\u00f3 copiosos frutos para el nuevo instituto. Seguidamente hubo un cambio de abanderados en el acto acad\u00e9mico y un discurso del rector del instituto, Padre Jos\u00e9 E. Blanco que se refiri\u00f3 a su fundador, el Padre Rigoni y al esfuerzo com\u00fan de la feligres\u00eda de Villa del Parque. Despu\u00e9s se efectu\u00f3 la tradicional ceremonia de egreso del nivel primario y de la primera promoci\u00f3n de peritos mercantiles, la que culmin\u00f3 con el descubrimiento de un busto de bronce del fundador en el hall de entrada. 1986 Nivel Inicial En 1986 el cuerpo docente y los alumnos del Instituto, ante la segunda visita de su Santidad Juan Pablo II a la Argentina, brindaron a un contingente de j\u00f3venes c\u00e1lidas muestras de hospitalidad al alojarlos en las instalaciones del colegio.<\/p>\n","protected":false},"author":2,"featured_media":0,"parent":0,"menu_order":0,"comment_status":"closed","ping_status":"closed","template":"elementor_header_footer","meta":{"footnotes":""},"class_list":["post-253","page","type-page","status-publish","czr-hentry"],"_links":{"self":[{"href":"https:\/\/institutosanjosevilladelparque.edu.ar\/index.php?rest_route=\/wp\/v2\/pages\/253","targetHints":{"allow":["GET"]}}],"collection":[{"href":"https:\/\/institutosanjosevilladelparque.edu.ar\/index.php?rest_route=\/wp\/v2\/pages"}],"about":[{"href":"https:\/\/institutosanjosevilladelparque.edu.ar\/index.php?rest_route=\/wp\/v2\/types\/page"}],"author":[{"embeddable":true,"href":"https:\/\/institutosanjosevilladelparque.edu.ar\/index.php?rest_route=\/wp\/v2\/users\/2"}],"replies":[{"embeddable":true,"href":"https:\/\/institutosanjosevilladelparque.edu.ar\/index.php?rest_route=%2Fwp%2Fv2%2Fcomments&post=253"}],"version-history":[{"count":46,"href":"https:\/\/institutosanjosevilladelparque.edu.ar\/index.php?rest_route=\/wp\/v2\/pages\/253\/revisions"}],"predecessor-version":[{"id":2149,"href":"https:\/\/institutosanjosevilladelparque.edu.ar\/index.php?rest_route=\/wp\/v2\/pages\/253\/revisions\/2149"}],"wp:attachment":[{"href":"https:\/\/institutosanjosevilladelparque.edu.ar\/index.php?rest_route=%2Fwp%2Fv2%2Fmedia&parent=253"}],"curies":[{"name":"wp","href":"https:\/\/api.w.org\/{rel}","templated":true}]}}